{"id":375,"date":"2023-09-19T10:57:21","date_gmt":"2023-09-19T14:57:21","guid":{"rendered":"https:\/\/www.rnatechnologies.com\/about-us\/"},"modified":"2026-02-21T22:01:00","modified_gmt":"2026-02-22T03:01:00","slug":"a-propos","status":"publish","type":"page","link":"https:\/\/www.rnatechnologies.com\/fr\/a-propos\/","title":{"rendered":"\u00c0 propos"},"content":{"rendered":"","protected":false},"excerpt":{"rendered":"","protected":false},"author":1,"featured_media":0,"parent":0,"menu_order":0,"comment_status":"closed","ping_status":"closed","template":"template-about.php","meta":{"_acf_changed":false,"content-type":"","footnotes":""},"class_list":["post-375","page","type-page","status-publish","hentry"],"acf":[],"yoast_head":"<!-- This site is optimized with the Yoast SEO plugin v27.6 - https:\/\/yoast.com\/product\/yoast-seo-wordpress\/ -->\n<title>\u00c0 propos - RNA Technologies<\/title>\n<meta name=\"description\" content=\"RNA Technologies and Therapeutics Inc. (RNA T&amp;T) est une soci\u00e9t\u00e9 priv\u00e9e dont le si\u00e8ge social se trouve \u00e0 Montr\u00e9al, au Canada, et qui se sp\u00e9cialise dans la conception, l\u2019optimisation et la production \u00e0 petite et moyenne \u00e9chelle (mg \u00e0 g) d\u2019ARN, y compris d\u2019ARN messagers modifi\u00e9s par des nucl\u00e9osides, ainsi que dans le d\u00e9veloppement de technologies\/th\u00e9rapeutiques bas\u00e9es sur l\u2019ARNm.\" \/>\n<meta name=\"robots\" content=\"index, follow, max-snippet:-1, max-image-preview:large, max-video-preview:-1\" \/>\n<link rel=\"canonical\" href=\"https:\/\/www.rnatechnologies.com\/fr\/a-propos\/\" \/>\n<meta property=\"og:locale\" content=\"fr_FR\" \/>\n<meta property=\"og:type\" content=\"article\" \/>\n<meta property=\"og:title\" content=\"\u00c0 propos - RNA Technologies\" \/>\n<meta property=\"og:description\" content=\"RNA Technologies and Therapeutics Inc. (RNA T&amp;T) est une soci\u00e9t\u00e9 priv\u00e9e dont le si\u00e8ge social se trouve \u00e0 Montr\u00e9al, au Canada, et qui se sp\u00e9cialise dans la conception, l\u2019optimisation et la production \u00e0 petite et moyenne \u00e9chelle (mg \u00e0 g) d\u2019ARN, y compris d\u2019ARN messagers modifi\u00e9s par des nucl\u00e9osides, ainsi que dans le d\u00e9veloppement de technologies\/th\u00e9rapeutiques bas\u00e9es sur l\u2019ARNm.\" \/>\n<meta property=\"og:url\" content=\"https:\/\/www.rnatechnologies.com\/fr\/a-propos\/\" \/>\n<meta property=\"og:site_name\" content=\"RNA Technologies\" \/>\n<meta property=\"article:modified_time\" content=\"2026-02-22T03:01:00+00:00\" \/>\n<meta name=\"twitter:card\" content=\"summary_large_image\" \/>\n<script type=\"application\/ld+json\" class=\"yoast-schema-graph\">{\"@context\":\"https:\\\/\\\/schema.org\",\"@graph\":[{\"@type\":\"WebPage\",\"@id\":\"https:\\\/\\\/www.rnatechnologies.com\\\/fr\\\/a-propos\\\/\",\"url\":\"https:\\\/\\\/www.rnatechnologies.com\\\/fr\\\/a-propos\\\/\",\"name\":\"\u00c0 propos - RNA Technologies\",\"isPartOf\":{\"@id\":\"https:\\\/\\\/www.rnatechnologies.com\\\/#website\"},\"datePublished\":\"2023-09-19T14:57:21+00:00\",\"dateModified\":\"2026-02-22T03:01:00+00:00\",\"description\":\"RNA Technologies and Therapeutics Inc. (RNA T&T) est une soci\u00e9t\u00e9 priv\u00e9e dont le si\u00e8ge social se trouve \u00e0 Montr\u00e9al, au Canada, et qui se sp\u00e9cialise dans la conception, l\u2019optimisation et la production \u00e0 petite et moyenne \u00e9chelle (mg \u00e0 g) d\u2019ARN, y compris d\u2019ARN messagers modifi\u00e9s par des nucl\u00e9osides, ainsi que dans le d\u00e9veloppement de technologies\\\/th\u00e9rapeutiques bas\u00e9es sur l\u2019ARNm.\",\"breadcrumb\":{\"@id\":\"https:\\\/\\\/www.rnatechnologies.com\\\/fr\\\/a-propos\\\/#breadcrumb\"},\"inLanguage\":\"fr-FR\",\"potentialAction\":[{\"@type\":\"ReadAction\",\"target\":[\"https:\\\/\\\/www.rnatechnologies.com\\\/fr\\\/a-propos\\\/\"]}]},{\"@type\":\"BreadcrumbList\",\"@id\":\"https:\\\/\\\/www.rnatechnologies.com\\\/fr\\\/a-propos\\\/#breadcrumb\",\"itemListElement\":[{\"@type\":\"ListItem\",\"position\":1,\"name\":\"Home\",\"item\":\"https:\\\/\\\/www.rnatechnologies.com\\\/fr\\\/\"},{\"@type\":\"ListItem\",\"position\":2,\"name\":\"\u00c0 propos\"}]},{\"@type\":\"WebSite\",\"@id\":\"https:\\\/\\\/www.rnatechnologies.com\\\/#website\",\"url\":\"https:\\\/\\\/www.rnatechnologies.com\\\/\",\"name\":\"RNA Technologies\",\"description\":\"ARN pour la recherche pr\u00e9clinique et les th\u00e9rapies cibl\u00e9es\",\"publisher\":{\"@id\":\"https:\\\/\\\/www.rnatechnologies.com\\\/#organization\"},\"potentialAction\":[{\"@type\":\"SearchAction\",\"target\":{\"@type\":\"EntryPoint\",\"urlTemplate\":\"https:\\\/\\\/www.rnatechnologies.com\\\/?s={search_term_string}\"},\"query-input\":{\"@type\":\"PropertyValueSpecification\",\"valueRequired\":true,\"valueName\":\"search_term_string\"}}],\"inLanguage\":\"fr-FR\"},{\"@type\":\"Organization\",\"@id\":\"https:\\\/\\\/www.rnatechnologies.com\\\/#organization\",\"name\":\"RNA Technologies\",\"url\":\"https:\\\/\\\/www.rnatechnologies.com\\\/\",\"logo\":{\"@type\":\"ImageObject\",\"inLanguage\":\"fr-FR\",\"@id\":\"https:\\\/\\\/www.rnatechnologies.com\\\/#\\\/schema\\\/logo\\\/image\\\/\",\"url\":\"https:\\\/\\\/www.rnatechnologies.com\\\/wp-content\\\/uploads\\\/2023\\\/09\\\/logo.svg\",\"contentUrl\":\"https:\\\/\\\/www.rnatechnologies.com\\\/wp-content\\\/uploads\\\/2023\\\/09\\\/logo.svg\",\"width\":1,\"height\":1,\"caption\":\"RNA Technologies\"},\"image\":{\"@id\":\"https:\\\/\\\/www.rnatechnologies.com\\\/#\\\/schema\\\/logo\\\/image\\\/\"},\"sameAs\":[\"https:\\\/\\\/www.linkedin.com\\\/company\\\/rnatechnologies\\\/\"]}]}<\/script>\n<!-- \/ Yoast SEO plugin. -->","yoast_head_json":{"title":"\u00c0 propos - RNA Technologies","description":"RNA Technologies and Therapeutics Inc. (RNA T&T) est une soci\u00e9t\u00e9 priv\u00e9e dont le si\u00e8ge social se trouve \u00e0 Montr\u00e9al, au Canada, et qui se sp\u00e9cialise dans la conception, l\u2019optimisation et la production \u00e0 petite et moyenne \u00e9chelle (mg \u00e0 g) d\u2019ARN, y compris d\u2019ARN messagers modifi\u00e9s par des nucl\u00e9osides, ainsi que dans le d\u00e9veloppement de technologies\/th\u00e9rapeutiques bas\u00e9es sur l\u2019ARNm.","robots":{"index":"index","follow":"follow","max-snippet":"max-snippet:-1","max-image-preview":"max-image-preview:large","max-video-preview":"max-video-preview:-1"},"canonical":"https:\/\/www.rnatechnologies.com\/fr\/a-propos\/","og_locale":"fr_FR","og_type":"article","og_title":"\u00c0 propos - RNA Technologies","og_description":"RNA Technologies and Therapeutics Inc. (RNA T&T) est une soci\u00e9t\u00e9 priv\u00e9e dont le si\u00e8ge social se trouve \u00e0 Montr\u00e9al, au Canada, et qui se sp\u00e9cialise dans la conception, l\u2019optimisation et la production \u00e0 petite et moyenne \u00e9chelle (mg \u00e0 g) d\u2019ARN, y compris d\u2019ARN messagers modifi\u00e9s par des nucl\u00e9osides, ainsi que dans le d\u00e9veloppement de technologies\/th\u00e9rapeutiques bas\u00e9es sur l\u2019ARNm.","og_url":"https:\/\/www.rnatechnologies.com\/fr\/a-propos\/","og_site_name":"RNA Technologies","article_modified_time":"2026-02-22T03:01:00+00:00","twitter_card":"summary_large_image","schema":{"@context":"https:\/\/schema.org","@graph":[{"@type":"WebPage","@id":"https:\/\/www.rnatechnologies.com\/fr\/a-propos\/","url":"https:\/\/www.rnatechnologies.com\/fr\/a-propos\/","name":"\u00c0 propos - RNA Technologies","isPartOf":{"@id":"https:\/\/www.rnatechnologies.com\/#website"},"datePublished":"2023-09-19T14:57:21+00:00","dateModified":"2026-02-22T03:01:00+00:00","description":"RNA Technologies and Therapeutics Inc. (RNA T&T) est une soci\u00e9t\u00e9 priv\u00e9e dont le si\u00e8ge social se trouve \u00e0 Montr\u00e9al, au Canada, et qui se sp\u00e9cialise dans la conception, l\u2019optimisation et la production \u00e0 petite et moyenne \u00e9chelle (mg \u00e0 g) d\u2019ARN, y compris d\u2019ARN messagers modifi\u00e9s par des nucl\u00e9osides, ainsi que dans le d\u00e9veloppement de technologies\/th\u00e9rapeutiques bas\u00e9es sur l\u2019ARNm.","breadcrumb":{"@id":"https:\/\/www.rnatechnologies.com\/fr\/a-propos\/#breadcrumb"},"inLanguage":"fr-FR","potentialAction":[{"@type":"ReadAction","target":["https:\/\/www.rnatechnologies.com\/fr\/a-propos\/"]}]},{"@type":"BreadcrumbList","@id":"https:\/\/www.rnatechnologies.com\/fr\/a-propos\/#breadcrumb","itemListElement":[{"@type":"ListItem","position":1,"name":"Home","item":"https:\/\/www.rnatechnologies.com\/fr\/"},{"@type":"ListItem","position":2,"name":"\u00c0 propos"}]},{"@type":"WebSite","@id":"https:\/\/www.rnatechnologies.com\/#website","url":"https:\/\/www.rnatechnologies.com\/","name":"RNA Technologies","description":"ARN pour la recherche pr\u00e9clinique et les th\u00e9rapies cibl\u00e9es","publisher":{"@id":"https:\/\/www.rnatechnologies.com\/#organization"},"potentialAction":[{"@type":"SearchAction","target":{"@type":"EntryPoint","urlTemplate":"https:\/\/www.rnatechnologies.com\/?s={search_term_string}"},"query-input":{"@type":"PropertyValueSpecification","valueRequired":true,"valueName":"search_term_string"}}],"inLanguage":"fr-FR"},{"@type":"Organization","@id":"https:\/\/www.rnatechnologies.com\/#organization","name":"RNA Technologies","url":"https:\/\/www.rnatechnologies.com\/","logo":{"@type":"ImageObject","inLanguage":"fr-FR","@id":"https:\/\/www.rnatechnologies.com\/#\/schema\/logo\/image\/","url":"https:\/\/www.rnatechnologies.com\/wp-content\/uploads\/2023\/09\/logo.svg","contentUrl":"https:\/\/www.rnatechnologies.com\/wp-content\/uploads\/2023\/09\/logo.svg","width":1,"height":1,"caption":"RNA Technologies"},"image":{"@id":"https:\/\/www.rnatechnologies.com\/#\/schema\/logo\/image\/"},"sameAs":["https:\/\/www.linkedin.com\/company\/rnatechnologies\/"]}]}},"_links":{"self":[{"href":"https:\/\/www.rnatechnologies.com\/fr\/wp-json\/wp\/v2\/pages\/375","targetHints":{"allow":["GET"]}}],"collection":[{"href":"https:\/\/www.rnatechnologies.com\/fr\/wp-json\/wp\/v2\/pages"}],"about":[{"href":"https:\/\/www.rnatechnologies.com\/fr\/wp-json\/wp\/v2\/types\/page"}],"author":[{"embeddable":true,"href":"https:\/\/www.rnatechnologies.com\/fr\/wp-json\/wp\/v2\/users\/1"}],"replies":[{"embeddable":true,"href":"https:\/\/www.rnatechnologies.com\/fr\/wp-json\/wp\/v2\/comments?post=375"}],"version-history":[{"count":2,"href":"https:\/\/www.rnatechnologies.com\/fr\/wp-json\/wp\/v2\/pages\/375\/revisions"}],"predecessor-version":[{"id":377,"href":"https:\/\/www.rnatechnologies.com\/fr\/wp-json\/wp\/v2\/pages\/375\/revisions\/377"}],"wp:attachment":[{"href":"https:\/\/www.rnatechnologies.com\/fr\/wp-json\/wp\/v2\/media?parent=375"}],"curies":[{"name":"wp","href":"https:\/\/api.w.org\/{rel}","templated":true}]}}